{"id":724,"date":"2025-07-24T18:41:34","date_gmt":"2025-07-24T18:41:34","guid":{"rendered":"https:\/\/castlemain.thedev.ca\/?page_id=724"},"modified":"2025-09-19T00:07:23","modified_gmt":"2025-09-19T00:07:23","slug":"accessibilite","status":"publish","type":"page","link":"https:\/\/castlemain.thedev.ca\/fr\/accessibilite\/","title":{"rendered":"Accessibilit\u00e9"},"content":{"rendered":"","protected":false},"excerpt":{"rendered":"","protected":false},"author":3,"featured_media":0,"parent":0,"menu_order":0,"comment_status":"closed","ping_status":"closed","template":"","meta":{"_acf_changed":false,"inline_featured_image":false,"footnotes":""},"class_list":["post-724","page","type-page","status-publish","hentry"],"acf":[],"yoast_head":"<!-- This site is optimized with the Yoast SEO plugin v27.6 - https:\/\/yoast.com\/product\/yoast-seo-wordpress\/ -->\n<title>Accessibilit\u00e9 - castlemain.thedev.ca<\/title>\n<meta name=\"description\" content=\"Engag\u00e9 en faveur de l&#039;accessibilit\u00e9, Castlemain r\u00e9pond aux normes WCAG 2.1 niveau AA. Nous proc\u00e9dons \u00e0 des audits r\u00e9guliers, formons notre \u00e9quipe et proposons des am\u00e9nagements. N&#039;h\u00e9sitez pas \u00e0 nous contacter pour obtenir de l&#039;aide ou des formats alternatifs pour tout contenu.\" \/>\n<meta name=\"robots\" content=\"noindex, follow, max-snippet:-1, max-image-preview:large, max-video-preview:-1\" \/>\n<meta property=\"og:locale\" content=\"fr_FR\" \/>\n<meta property=\"og:type\" content=\"article\" \/>\n<meta property=\"og:title\" content=\"Accessibilit\u00e9 | Castlemain\" \/>\n<meta property=\"og:description\" content=\"Engag\u00e9 en faveur de l&#039;accessibilit\u00e9, Castlemain r\u00e9pond aux normes WCAG 2.1 niveau AA. Nous proc\u00e9dons \u00e0 des audits r\u00e9guliers, formons notre \u00e9quipe et proposons des am\u00e9nagements. N&#039;h\u00e9sitez pas \u00e0 nous contacter pour obtenir de l&#039;aide ou des formats alternatifs pour tout contenu.\" \/>\n<meta property=\"og:url\" content=\"https:\/\/castlemain.thedev.ca\/fr\/accessibilite\/\" \/>\n<meta property=\"og:site_name\" content=\"castlemain.thedev.ca\" \/>\n<meta property=\"article:modified_time\" content=\"2025-09-19T00:07:23+00:00\" \/>\n<meta property=\"og:image\" content=\"https:\/\/castlemain.thedev.ca\/wp-content\/uploads\/2025\/07\/class_hero.webp\" \/>\n\t<meta property=\"og:image:width\" content=\"1920\" \/>\n\t<meta property=\"og:image:height\" content=\"620\" \/>\n\t<meta property=\"og:image:type\" content=\"image\/webp\" \/>\n<meta name=\"twitter:card\" content=\"summary_large_image\" \/>\n<script type=\"application\/ld+json\" class=\"yoast-schema-graph\">{\"@context\":\"https:\\\/\\\/schema.org\",\"@graph\":[{\"@type\":\"WebPage\",\"@id\":\"https:\\\/\\\/castlemain.thedev.ca\\\/fr\\\/accessibilite\\\/\",\"url\":\"https:\\\/\\\/castlemain.thedev.ca\\\/fr\\\/accessibilite\\\/\",\"name\":\"Accessibilit\u00e9 - castlemain.thedev.ca\",\"isPartOf\":{\"@id\":\"https:\\\/\\\/castlemain.thedev.ca\\\/#website\"},\"datePublished\":\"2025-07-24T18:41:34+00:00\",\"dateModified\":\"2025-09-19T00:07:23+00:00\",\"description\":\"Engag\u00e9 en faveur de l'accessibilit\u00e9, Castlemain r\u00e9pond aux normes WCAG 2.1 niveau AA. Nous proc\u00e9dons \u00e0 des audits r\u00e9guliers, formons notre \u00e9quipe et proposons des am\u00e9nagements. N'h\u00e9sitez pas \u00e0 nous contacter pour obtenir de l'aide ou des formats alternatifs pour tout contenu.\",\"breadcrumb\":{\"@id\":\"https:\\\/\\\/castlemain.thedev.ca\\\/fr\\\/accessibilite\\\/#breadcrumb\"},\"inLanguage\":\"fr-FR\",\"potentialAction\":[{\"@type\":\"ReadAction\",\"target\":[\"https:\\\/\\\/castlemain.thedev.ca\\\/fr\\\/accessibilite\\\/\"]}]},{\"@type\":\"BreadcrumbList\",\"@id\":\"https:\\\/\\\/castlemain.thedev.ca\\\/fr\\\/accessibilite\\\/#breadcrumb\",\"itemListElement\":[{\"@type\":\"ListItem\",\"position\":1,\"name\":\"Home\",\"item\":\"https:\\\/\\\/castlemain.thedev.ca\\\/fr\\\/\"},{\"@type\":\"ListItem\",\"position\":2,\"name\":\"Accessibilit\u00e9\"}]},{\"@type\":\"WebSite\",\"@id\":\"https:\\\/\\\/castlemain.thedev.ca\\\/#website\",\"url\":\"https:\\\/\\\/castlemain.thedev.ca\\\/\",\"name\":\"castlemain.thedev.ca\",\"description\":\"Just another WordPress site\",\"potentialAction\":[{\"@type\":\"SearchAction\",\"target\":{\"@type\":\"EntryPoint\",\"urlTemplate\":\"https:\\\/\\\/castlemain.thedev.ca\\\/?s={search_term_string}\"},\"query-input\":{\"@type\":\"PropertyValueSpecification\",\"valueRequired\":true,\"valueName\":\"search_term_string\"}}],\"inLanguage\":\"fr-FR\"}]}<\/script>\n<!-- \/ Yoast SEO plugin. -->","yoast_head_json":{"title":"Accessibilit\u00e9 - castlemain.thedev.ca","description":"Engag\u00e9 en faveur de l'accessibilit\u00e9, Castlemain r\u00e9pond aux normes WCAG 2.1 niveau AA. Nous proc\u00e9dons \u00e0 des audits r\u00e9guliers, formons notre \u00e9quipe et proposons des am\u00e9nagements. N'h\u00e9sitez pas \u00e0 nous contacter pour obtenir de l'aide ou des formats alternatifs pour tout contenu.","robots":{"index":"noindex","follow":"follow","max-snippet":"max-snippet:-1","max-image-preview":"max-image-preview:large","max-video-preview":"max-video-preview:-1"},"og_locale":"fr_FR","og_type":"article","og_title":"Accessibilit\u00e9 | Castlemain","og_description":"Engag\u00e9 en faveur de l'accessibilit\u00e9, Castlemain r\u00e9pond aux normes WCAG 2.1 niveau AA. Nous proc\u00e9dons \u00e0 des audits r\u00e9guliers, formons notre \u00e9quipe et proposons des am\u00e9nagements. N'h\u00e9sitez pas \u00e0 nous contacter pour obtenir de l'aide ou des formats alternatifs pour tout contenu.","og_url":"https:\/\/castlemain.thedev.ca\/fr\/accessibilite\/","og_site_name":"castlemain.thedev.ca","article_modified_time":"2025-09-19T00:07:23+00:00","og_image":[{"width":1920,"height":620,"url":"https:\/\/castlemain.thedev.ca\/wp-content\/uploads\/2025\/07\/class_hero.webp","type":"image\/webp"}],"twitter_card":"summary_large_image","schema":{"@context":"https:\/\/schema.org","@graph":[{"@type":"WebPage","@id":"https:\/\/castlemain.thedev.ca\/fr\/accessibilite\/","url":"https:\/\/castlemain.thedev.ca\/fr\/accessibilite\/","name":"Accessibilit\u00e9 - castlemain.thedev.ca","isPartOf":{"@id":"https:\/\/castlemain.thedev.ca\/#website"},"datePublished":"2025-07-24T18:41:34+00:00","dateModified":"2025-09-19T00:07:23+00:00","description":"Engag\u00e9 en faveur de l'accessibilit\u00e9, Castlemain r\u00e9pond aux normes WCAG 2.1 niveau AA. Nous proc\u00e9dons \u00e0 des audits r\u00e9guliers, formons notre \u00e9quipe et proposons des am\u00e9nagements. N'h\u00e9sitez pas \u00e0 nous contacter pour obtenir de l'aide ou des formats alternatifs pour tout contenu.","breadcrumb":{"@id":"https:\/\/castlemain.thedev.ca\/fr\/accessibilite\/#breadcrumb"},"inLanguage":"fr-FR","potentialAction":[{"@type":"ReadAction","target":["https:\/\/castlemain.thedev.ca\/fr\/accessibilite\/"]}]},{"@type":"BreadcrumbList","@id":"https:\/\/castlemain.thedev.ca\/fr\/accessibilite\/#breadcrumb","itemListElement":[{"@type":"ListItem","position":1,"name":"Home","item":"https:\/\/castlemain.thedev.ca\/fr\/"},{"@type":"ListItem","position":2,"name":"Accessibilit\u00e9"}]},{"@type":"WebSite","@id":"https:\/\/castlemain.thedev.ca\/#website","url":"https:\/\/castlemain.thedev.ca\/","name":"castlemain.thedev.ca","description":"Just another WordPress site","potentialAction":[{"@type":"SearchAction","target":{"@type":"EntryPoint","urlTemplate":"https:\/\/castlemain.thedev.ca\/?s={search_term_string}"},"query-input":{"@type":"PropertyValueSpecification","valueRequired":true,"valueName":"search_term_string"}}],"inLanguage":"fr-FR"}]}},"_links":{"self":[{"href":"https:\/\/castlemain.thedev.ca\/fr\/wp-json\/wp\/v2\/pages\/724","targetHints":{"allow":["GET"]}}],"collection":[{"href":"https:\/\/castlemain.thedev.ca\/fr\/wp-json\/wp\/v2\/pages"}],"about":[{"href":"https:\/\/castlemain.thedev.ca\/fr\/wp-json\/wp\/v2\/types\/page"}],"author":[{"embeddable":true,"href":"https:\/\/castlemain.thedev.ca\/fr\/wp-json\/wp\/v2\/users\/3"}],"replies":[{"embeddable":true,"href":"https:\/\/castlemain.thedev.ca\/fr\/wp-json\/wp\/v2\/comments?post=724"}],"version-history":[{"count":3,"href":"https:\/\/castlemain.thedev.ca\/fr\/wp-json\/wp\/v2\/pages\/724\/revisions"}],"predecessor-version":[{"id":1289,"href":"https:\/\/castlemain.thedev.ca\/fr\/wp-json\/wp\/v2\/pages\/724\/revisions\/1289"}],"wp:attachment":[{"href":"https:\/\/castlemain.thedev.ca\/fr\/wp-json\/wp\/v2\/media?parent=724"}],"curies":[{"name":"wp","href":"https:\/\/api.w.org\/{rel}","templated":true}]}}