{"id":605,"date":"2025-07-16T22:27:43","date_gmt":"2025-07-16T22:27:43","guid":{"rendered":"https:\/\/castlemain.thedev.ca\/?page_id=605"},"modified":"2025-09-18T23:44:15","modified_gmt":"2025-09-18T23:44:15","slug":"services","status":"publish","type":"page","link":"https:\/\/castlemain.thedev.ca\/fr\/services\/","title":{"rendered":"Services"},"content":{"rendered":"","protected":false},"excerpt":{"rendered":"","protected":false},"author":3,"featured_media":0,"parent":0,"menu_order":0,"comment_status":"open","ping_status":"open","template":"","meta":{"_acf_changed":false,"inline_featured_image":false,"footnotes":""},"class_list":["post-605","page","type-page","status-publish","hentry"],"acf":[],"yoast_head":"<!-- This site is optimized with the Yoast SEO plugin v27.6 - https:\/\/yoast.com\/product\/yoast-seo-wordpress\/ -->\n<title>Services - castlemain.thedev.ca<\/title>\n<meta name=\"description\" content=\"Nous offrons connexion, s\u00e9curit\u00e9 culturelle et impact mesurable. Du conseil et de la communication en mati\u00e8re de recours collectifs au soutien communautaire et \u00e0 la conception de services, nos mod\u00e8les int\u00e8grent une technologie accessible, une gouvernance et une exp\u00e9rience v\u00e9cue afin d&#039;aider nos clients et les communaut\u00e9s \u00e0 naviguer dans des syst\u00e8mes complexes avec dignit\u00e9.\" \/>\n<meta name=\"robots\" content=\"noindex, follow, max-snippet:-1, max-image-preview:large, max-video-preview:-1\" \/>\n<meta property=\"og:locale\" content=\"fr_FR\" \/>\n<meta property=\"og:type\" content=\"article\" \/>\n<meta property=\"og:title\" content=\"Service | Castlemain\" \/>\n<meta property=\"og:description\" content=\"Nous offrons connexion, s\u00e9curit\u00e9 culturelle et impact mesurable. Du conseil et de la communication en mati\u00e8re de recours collectifs au soutien communautaire et \u00e0 la conception de services, nos mod\u00e8les int\u00e8grent une technologie accessible, une gouvernance et une exp\u00e9rience v\u00e9cue afin d&#039;aider nos clients et les communaut\u00e9s \u00e0 naviguer dans des syst\u00e8mes complexes avec dignit\u00e9.\" \/>\n<meta property=\"og:url\" content=\"https:\/\/castlemain.thedev.ca\/fr\/services\/\" \/>\n<meta property=\"og:site_name\" content=\"castlemain.thedev.ca\" \/>\n<meta property=\"article:modified_time\" content=\"2025-09-18T23:44:15+00:00\" \/>\n<meta property=\"og:image\" content=\"https:\/\/castlemain.thedev.ca\/wp-content\/uploads\/2025\/09\/AdobeStock_203503200.webp\" \/>\n\t<meta property=\"og:image:width\" content=\"800\" \/>\n\t<meta property=\"og:image:height\" content=\"533\" \/>\n\t<meta property=\"og:image:type\" content=\"image\/webp\" \/>\n<meta name=\"twitter:card\" content=\"summary_large_image\" \/>\n<script type=\"application\/ld+json\" class=\"yoast-schema-graph\">{\"@context\":\"https:\\\/\\\/schema.org\",\"@graph\":[{\"@type\":\"WebPage\",\"@id\":\"https:\\\/\\\/castlemain.thedev.ca\\\/fr\\\/services\\\/\",\"url\":\"https:\\\/\\\/castlemain.thedev.ca\\\/fr\\\/services\\\/\",\"name\":\"Services - castlemain.thedev.ca\",\"isPartOf\":{\"@id\":\"https:\\\/\\\/castlemain.thedev.ca\\\/#website\"},\"datePublished\":\"2025-07-16T22:27:43+00:00\",\"dateModified\":\"2025-09-18T23:44:15+00:00\",\"description\":\"Nous offrons connexion, s\u00e9curit\u00e9 culturelle et impact mesurable. Du conseil et de la communication en mati\u00e8re de recours collectifs au soutien communautaire et \u00e0 la conception de services, nos mod\u00e8les int\u00e8grent une technologie accessible, une gouvernance et une exp\u00e9rience v\u00e9cue afin d'aider nos clients et les communaut\u00e9s \u00e0 naviguer dans des syst\u00e8mes complexes avec dignit\u00e9.\",\"breadcrumb\":{\"@id\":\"https:\\\/\\\/castlemain.thedev.ca\\\/fr\\\/services\\\/#breadcrumb\"},\"inLanguage\":\"fr-FR\",\"potentialAction\":[{\"@type\":\"ReadAction\",\"target\":[\"https:\\\/\\\/castlemain.thedev.ca\\\/fr\\\/services\\\/\"]}]},{\"@type\":\"BreadcrumbList\",\"@id\":\"https:\\\/\\\/castlemain.thedev.ca\\\/fr\\\/services\\\/#breadcrumb\",\"itemListElement\":[{\"@type\":\"ListItem\",\"position\":1,\"name\":\"Home\",\"item\":\"https:\\\/\\\/castlemain.thedev.ca\\\/fr\\\/\"},{\"@type\":\"ListItem\",\"position\":2,\"name\":\"Services\"}]},{\"@type\":\"WebSite\",\"@id\":\"https:\\\/\\\/castlemain.thedev.ca\\\/#website\",\"url\":\"https:\\\/\\\/castlemain.thedev.ca\\\/\",\"name\":\"castlemain.thedev.ca\",\"description\":\"Just another WordPress site\",\"potentialAction\":[{\"@type\":\"SearchAction\",\"target\":{\"@type\":\"EntryPoint\",\"urlTemplate\":\"https:\\\/\\\/castlemain.thedev.ca\\\/?s={search_term_string}\"},\"query-input\":{\"@type\":\"PropertyValueSpecification\",\"valueRequired\":true,\"valueName\":\"search_term_string\"}}],\"inLanguage\":\"fr-FR\"}]}<\/script>\n<!-- \/ Yoast SEO plugin. -->","yoast_head_json":{"title":"Services - castlemain.thedev.ca","description":"Nous offrons connexion, s\u00e9curit\u00e9 culturelle et impact mesurable. Du conseil et de la communication en mati\u00e8re de recours collectifs au soutien communautaire et \u00e0 la conception de services, nos mod\u00e8les int\u00e8grent une technologie accessible, une gouvernance et une exp\u00e9rience v\u00e9cue afin d'aider nos clients et les communaut\u00e9s \u00e0 naviguer dans des syst\u00e8mes complexes avec dignit\u00e9.","robots":{"index":"noindex","follow":"follow","max-snippet":"max-snippet:-1","max-image-preview":"max-image-preview:large","max-video-preview":"max-video-preview:-1"},"og_locale":"fr_FR","og_type":"article","og_title":"Service | Castlemain","og_description":"Nous offrons connexion, s\u00e9curit\u00e9 culturelle et impact mesurable. Du conseil et de la communication en mati\u00e8re de recours collectifs au soutien communautaire et \u00e0 la conception de services, nos mod\u00e8les int\u00e8grent une technologie accessible, une gouvernance et une exp\u00e9rience v\u00e9cue afin d'aider nos clients et les communaut\u00e9s \u00e0 naviguer dans des syst\u00e8mes complexes avec dignit\u00e9.","og_url":"https:\/\/castlemain.thedev.ca\/fr\/services\/","og_site_name":"castlemain.thedev.ca","article_modified_time":"2025-09-18T23:44:15+00:00","og_image":[{"width":800,"height":533,"url":"https:\/\/castlemain.thedev.ca\/wp-content\/uploads\/2025\/09\/AdobeStock_203503200.webp","type":"image\/webp"}],"twitter_card":"summary_large_image","schema":{"@context":"https:\/\/schema.org","@graph":[{"@type":"WebPage","@id":"https:\/\/castlemain.thedev.ca\/fr\/services\/","url":"https:\/\/castlemain.thedev.ca\/fr\/services\/","name":"Services - castlemain.thedev.ca","isPartOf":{"@id":"https:\/\/castlemain.thedev.ca\/#website"},"datePublished":"2025-07-16T22:27:43+00:00","dateModified":"2025-09-18T23:44:15+00:00","description":"Nous offrons connexion, s\u00e9curit\u00e9 culturelle et impact mesurable. Du conseil et de la communication en mati\u00e8re de recours collectifs au soutien communautaire et \u00e0 la conception de services, nos mod\u00e8les int\u00e8grent une technologie accessible, une gouvernance et une exp\u00e9rience v\u00e9cue afin d'aider nos clients et les communaut\u00e9s \u00e0 naviguer dans des syst\u00e8mes complexes avec dignit\u00e9.","breadcrumb":{"@id":"https:\/\/castlemain.thedev.ca\/fr\/services\/#breadcrumb"},"inLanguage":"fr-FR","potentialAction":[{"@type":"ReadAction","target":["https:\/\/castlemain.thedev.ca\/fr\/services\/"]}]},{"@type":"BreadcrumbList","@id":"https:\/\/castlemain.thedev.ca\/fr\/services\/#breadcrumb","itemListElement":[{"@type":"ListItem","position":1,"name":"Home","item":"https:\/\/castlemain.thedev.ca\/fr\/"},{"@type":"ListItem","position":2,"name":"Services"}]},{"@type":"WebSite","@id":"https:\/\/castlemain.thedev.ca\/#website","url":"https:\/\/castlemain.thedev.ca\/","name":"castlemain.thedev.ca","description":"Just another WordPress site","potentialAction":[{"@type":"SearchAction","target":{"@type":"EntryPoint","urlTemplate":"https:\/\/castlemain.thedev.ca\/?s={search_term_string}"},"query-input":{"@type":"PropertyValueSpecification","valueRequired":true,"valueName":"search_term_string"}}],"inLanguage":"fr-FR"}]}},"_links":{"self":[{"href":"https:\/\/castlemain.thedev.ca\/fr\/wp-json\/wp\/v2\/pages\/605","targetHints":{"allow":["GET"]}}],"collection":[{"href":"https:\/\/castlemain.thedev.ca\/fr\/wp-json\/wp\/v2\/pages"}],"about":[{"href":"https:\/\/castlemain.thedev.ca\/fr\/wp-json\/wp\/v2\/types\/page"}],"author":[{"embeddable":true,"href":"https:\/\/castlemain.thedev.ca\/fr\/wp-json\/wp\/v2\/users\/3"}],"replies":[{"embeddable":true,"href":"https:\/\/castlemain.thedev.ca\/fr\/wp-json\/wp\/v2\/comments?post=605"}],"version-history":[{"count":7,"href":"https:\/\/castlemain.thedev.ca\/fr\/wp-json\/wp\/v2\/pages\/605\/revisions"}],"predecessor-version":[{"id":1158,"href":"https:\/\/castlemain.thedev.ca\/fr\/wp-json\/wp\/v2\/pages\/605\/revisions\/1158"}],"wp:attachment":[{"href":"https:\/\/castlemain.thedev.ca\/fr\/wp-json\/wp\/v2\/media?parent=605"}],"curies":[{"name":"wp","href":"https:\/\/api.w.org\/{rel}","templated":true}]}}