{"id":603,"date":"2025-07-18T05:21:15","date_gmt":"2025-07-18T05:21:15","guid":{"rendered":"https:\/\/castlemain.thedev.ca\/?page_id=603"},"modified":"2025-09-18T23:53:38","modified_gmt":"2025-09-18T23:53:38","slug":"renforcement-des-capacites-et-mobilisation","status":"publish","type":"page","link":"https:\/\/castlemain.thedev.ca\/fr\/services\/renforcement-des-capacites-et-mobilisation\/","title":{"rendered":"Renforcement des capacit\u00e9s et mobilisation"},"content":{"rendered":"","protected":false},"excerpt":{"rendered":"","protected":false},"author":3,"featured_media":0,"parent":605,"menu_order":3,"comment_status":"open","ping_status":"open","template":"","meta":{"_acf_changed":false,"inline_featured_image":false,"footnotes":""},"class_list":["post-603","page","type-page","status-publish","hentry"],"acf":[],"yoast_head":"<!-- This site is optimized with the Yoast SEO plugin v27.6 - https:\/\/yoast.com\/product\/yoast-seo-wordpress\/ -->\n<title>Renforcement des capacit\u00e9s et mobilisation - castlemain.thedev.ca<\/title>\n<meta name=\"description\" content=\"Pour nous, le succ\u00e8s, c&#039;est lorsque les communaut\u00e9s sont autonomis\u00e9es et pr\u00eates \u00e0 poursuivre le programme longtemps apr\u00e8s la fin de notre travail sur le projet.\" \/>\n<meta name=\"robots\" content=\"noindex, follow, max-snippet:-1, max-image-preview:large, max-video-preview:-1\" \/>\n<meta property=\"og:locale\" content=\"fr_FR\" \/>\n<meta property=\"og:type\" content=\"article\" \/>\n<meta property=\"og:title\" content=\"Renforcement des capacit\u00e9s et mobilisation | Castlemain\" \/>\n<meta property=\"og:description\" content=\"Pour nous, le succ\u00e8s, c&#039;est lorsque les communaut\u00e9s sont autonomis\u00e9es et pr\u00eates \u00e0 poursuivre le programme longtemps apr\u00e8s la fin de notre travail sur le projet.\" \/>\n<meta property=\"og:url\" content=\"https:\/\/castlemain.thedev.ca\/fr\/services\/renforcement-des-capacites-et-mobilisation\/\" \/>\n<meta property=\"og:site_name\" content=\"castlemain.thedev.ca\" \/>\n<meta property=\"article:modified_time\" content=\"2025-09-18T23:53:38+00:00\" \/>\n<meta property=\"og:image\" content=\"https:\/\/castlemain.thedev.ca\/wp-content\/uploads\/2025\/09\/GettyImages-466187907.webp\" \/>\n\t<meta property=\"og:image:width\" content=\"1500\" \/>\n\t<meta property=\"og:image:height\" content=\"1000\" \/>\n\t<meta property=\"og:image:type\" content=\"image\/webp\" \/>\n<meta name=\"twitter:card\" content=\"summary_large_image\" \/>\n<script type=\"application\/ld+json\" class=\"yoast-schema-graph\">{\"@context\":\"https:\\\/\\\/schema.org\",\"@graph\":[{\"@type\":\"WebPage\",\"@id\":\"https:\\\/\\\/castlemain.thedev.ca\\\/fr\\\/services\\\/renforcement-des-capacites-et-mobilisation\\\/\",\"url\":\"https:\\\/\\\/castlemain.thedev.ca\\\/fr\\\/services\\\/renforcement-des-capacites-et-mobilisation\\\/\",\"name\":\"Renforcement des capacit\u00e9s et mobilisation - castlemain.thedev.ca\",\"isPartOf\":{\"@id\":\"https:\\\/\\\/castlemain.thedev.ca\\\/#website\"},\"datePublished\":\"2025-07-18T05:21:15+00:00\",\"dateModified\":\"2025-09-18T23:53:38+00:00\",\"description\":\"Pour nous, le succ\u00e8s, c'est lorsque les communaut\u00e9s sont autonomis\u00e9es et pr\u00eates \u00e0 poursuivre le programme longtemps apr\u00e8s la fin de notre travail sur le projet.\",\"breadcrumb\":{\"@id\":\"https:\\\/\\\/castlemain.thedev.ca\\\/fr\\\/services\\\/renforcement-des-capacites-et-mobilisation\\\/#breadcrumb\"},\"inLanguage\":\"fr-FR\",\"potentialAction\":[{\"@type\":\"ReadAction\",\"target\":[\"https:\\\/\\\/castlemain.thedev.ca\\\/fr\\\/services\\\/renforcement-des-capacites-et-mobilisation\\\/\"]}]},{\"@type\":\"BreadcrumbList\",\"@id\":\"https:\\\/\\\/castlemain.thedev.ca\\\/fr\\\/services\\\/renforcement-des-capacites-et-mobilisation\\\/#breadcrumb\",\"itemListElement\":[{\"@type\":\"ListItem\",\"position\":1,\"name\":\"Home\",\"item\":\"https:\\\/\\\/castlemain.thedev.ca\\\/fr\\\/\"},{\"@type\":\"ListItem\",\"position\":2,\"name\":\"Services\",\"item\":\"https:\\\/\\\/castlemain.thedev.ca\\\/fr\\\/services\\\/\"},{\"@type\":\"ListItem\",\"position\":3,\"name\":\"Renforcement des capacit\u00e9s et mobilisation\"}]},{\"@type\":\"WebSite\",\"@id\":\"https:\\\/\\\/castlemain.thedev.ca\\\/#website\",\"url\":\"https:\\\/\\\/castlemain.thedev.ca\\\/\",\"name\":\"castlemain.thedev.ca\",\"description\":\"Just another WordPress site\",\"potentialAction\":[{\"@type\":\"SearchAction\",\"target\":{\"@type\":\"EntryPoint\",\"urlTemplate\":\"https:\\\/\\\/castlemain.thedev.ca\\\/?s={search_term_string}\"},\"query-input\":{\"@type\":\"PropertyValueSpecification\",\"valueRequired\":true,\"valueName\":\"search_term_string\"}}],\"inLanguage\":\"fr-FR\"}]}<\/script>\n<!-- \/ Yoast SEO plugin. -->","yoast_head_json":{"title":"Renforcement des capacit\u00e9s et mobilisation - castlemain.thedev.ca","description":"Pour nous, le succ\u00e8s, c'est lorsque les communaut\u00e9s sont autonomis\u00e9es et pr\u00eates \u00e0 poursuivre le programme longtemps apr\u00e8s la fin de notre travail sur le projet.","robots":{"index":"noindex","follow":"follow","max-snippet":"max-snippet:-1","max-image-preview":"max-image-preview:large","max-video-preview":"max-video-preview:-1"},"og_locale":"fr_FR","og_type":"article","og_title":"Renforcement des capacit\u00e9s et mobilisation | Castlemain","og_description":"Pour nous, le succ\u00e8s, c'est lorsque les communaut\u00e9s sont autonomis\u00e9es et pr\u00eates \u00e0 poursuivre le programme longtemps apr\u00e8s la fin de notre travail sur le projet.","og_url":"https:\/\/castlemain.thedev.ca\/fr\/services\/renforcement-des-capacites-et-mobilisation\/","og_site_name":"castlemain.thedev.ca","article_modified_time":"2025-09-18T23:53:38+00:00","og_image":[{"width":1500,"height":1000,"url":"https:\/\/castlemain.thedev.ca\/wp-content\/uploads\/2025\/09\/GettyImages-466187907.webp","type":"image\/webp"}],"twitter_card":"summary_large_image","schema":{"@context":"https:\/\/schema.org","@graph":[{"@type":"WebPage","@id":"https:\/\/castlemain.thedev.ca\/fr\/services\/renforcement-des-capacites-et-mobilisation\/","url":"https:\/\/castlemain.thedev.ca\/fr\/services\/renforcement-des-capacites-et-mobilisation\/","name":"Renforcement des capacit\u00e9s et mobilisation - castlemain.thedev.ca","isPartOf":{"@id":"https:\/\/castlemain.thedev.ca\/#website"},"datePublished":"2025-07-18T05:21:15+00:00","dateModified":"2025-09-18T23:53:38+00:00","description":"Pour nous, le succ\u00e8s, c'est lorsque les communaut\u00e9s sont autonomis\u00e9es et pr\u00eates \u00e0 poursuivre le programme longtemps apr\u00e8s la fin de notre travail sur le projet.","breadcrumb":{"@id":"https:\/\/castlemain.thedev.ca\/fr\/services\/renforcement-des-capacites-et-mobilisation\/#breadcrumb"},"inLanguage":"fr-FR","potentialAction":[{"@type":"ReadAction","target":["https:\/\/castlemain.thedev.ca\/fr\/services\/renforcement-des-capacites-et-mobilisation\/"]}]},{"@type":"BreadcrumbList","@id":"https:\/\/castlemain.thedev.ca\/fr\/services\/renforcement-des-capacites-et-mobilisation\/#breadcrumb","itemListElement":[{"@type":"ListItem","position":1,"name":"Home","item":"https:\/\/castlemain.thedev.ca\/fr\/"},{"@type":"ListItem","position":2,"name":"Services","item":"https:\/\/castlemain.thedev.ca\/fr\/services\/"},{"@type":"ListItem","position":3,"name":"Renforcement des capacit\u00e9s et mobilisation"}]},{"@type":"WebSite","@id":"https:\/\/castlemain.thedev.ca\/#website","url":"https:\/\/castlemain.thedev.ca\/","name":"castlemain.thedev.ca","description":"Just another WordPress site","potentialAction":[{"@type":"SearchAction","target":{"@type":"EntryPoint","urlTemplate":"https:\/\/castlemain.thedev.ca\/?s={search_term_string}"},"query-input":{"@type":"PropertyValueSpecification","valueRequired":true,"valueName":"search_term_string"}}],"inLanguage":"fr-FR"}]}},"_links":{"self":[{"href":"https:\/\/castlemain.thedev.ca\/fr\/wp-json\/wp\/v2\/pages\/603","targetHints":{"allow":["GET"]}}],"collection":[{"href":"https:\/\/castlemain.thedev.ca\/fr\/wp-json\/wp\/v2\/pages"}],"about":[{"href":"https:\/\/castlemain.thedev.ca\/fr\/wp-json\/wp\/v2\/types\/page"}],"author":[{"embeddable":true,"href":"https:\/\/castlemain.thedev.ca\/fr\/wp-json\/wp\/v2\/users\/3"}],"replies":[{"embeddable":true,"href":"https:\/\/castlemain.thedev.ca\/fr\/wp-json\/wp\/v2\/comments?post=603"}],"version-history":[{"count":6,"href":"https:\/\/castlemain.thedev.ca\/fr\/wp-json\/wp\/v2\/pages\/603\/revisions"}],"predecessor-version":[{"id":1272,"href":"https:\/\/castlemain.thedev.ca\/fr\/wp-json\/wp\/v2\/pages\/603\/revisions\/1272"}],"up":[{"embeddable":true,"href":"https:\/\/castlemain.thedev.ca\/fr\/wp-json\/wp\/v2\/pages\/605"}],"wp:attachment":[{"href":"https:\/\/castlemain.thedev.ca\/fr\/wp-json\/wp\/v2\/media?parent=603"}],"curies":[{"name":"wp","href":"https:\/\/api.w.org\/{rel}","templated":true}]}}