{"id":599,"date":"2025-07-16T02:07:37","date_gmt":"2025-07-16T02:07:37","guid":{"rendered":"https:\/\/castlemain.thedev.ca\/?page_id=599"},"modified":"2025-09-26T15:40:12","modified_gmt":"2025-09-26T15:40:12","slug":"reconciliation","status":"publish","type":"page","link":"https:\/\/castlemain.thedev.ca\/fr\/a-propos\/reconciliation\/","title":{"rendered":"R\u00e9conciliation"},"content":{"rendered":"","protected":false},"excerpt":{"rendered":"","protected":false},"author":3,"featured_media":0,"parent":470,"menu_order":1,"comment_status":"open","ping_status":"open","template":"","meta":{"_acf_changed":false,"inline_featured_image":false,"footnotes":""},"class_list":["post-599","page","type-page","status-publish","hentry"],"acf":[],"yoast_head":"<!-- This site is optimized with the Yoast SEO plugin v27.6 - https:\/\/yoast.com\/product\/yoast-seo-wordpress\/ -->\n<title>R\u00e9conciliation - castlemain.thedev.ca<\/title>\n<meta name=\"description\" content=\"Nous mettons en pratique la r\u00e9conciliation par des actions concr\u00e8tes : leadership autochtone, travail respectueux des cultures, souverainet\u00e9 des donn\u00e9es et plan d&#039;action officiel pour la r\u00e9conciliation conforme aux appels \u00e0 l&#039;action de la Commission de v\u00e9rit\u00e9 et r\u00e9conciliation et \u00e0 la D\u00e9claration des Nations Unies sur les droits des peuples autochtones.\" \/>\n<meta name=\"robots\" content=\"noindex, follow, max-snippet:-1, max-image-preview:large, max-video-preview:-1\" \/>\n<meta property=\"og:locale\" content=\"fr_FR\" \/>\n<meta property=\"og:type\" content=\"article\" \/>\n<meta property=\"og:title\" content=\"La R\u00e9conciliation | Castlemain\" \/>\n<meta property=\"og:description\" content=\"Nous mettons en pratique la r\u00e9conciliation par des actions concr\u00e8tes : leadership autochtone, travail respectueux des cultures, souverainet\u00e9 des donn\u00e9es et plan d&#039;action officiel pour la r\u00e9conciliation conforme aux appels \u00e0 l&#039;action de la Commission de v\u00e9rit\u00e9 et r\u00e9conciliation et \u00e0 la D\u00e9claration des Nations Unies sur les droits des peuples autochtones.\" \/>\n<meta property=\"og:url\" content=\"https:\/\/castlemain.thedev.ca\/fr\/a-propos\/reconciliation\/\" \/>\n<meta property=\"og:site_name\" content=\"castlemain.thedev.ca\" \/>\n<meta property=\"article:modified_time\" content=\"2025-09-26T15:40:12+00:00\" \/>\n<meta property=\"og:image\" content=\"https:\/\/castlemain.thedev.ca\/wp-content\/uploads\/2025\/07\/reconsciliation_hero_mob.webp\" \/>\n\t<meta property=\"og:image:width\" content=\"786\" \/>\n\t<meta property=\"og:image:height\" content=\"500\" \/>\n\t<meta property=\"og:image:type\" content=\"image\/webp\" \/>\n<meta name=\"twitter:card\" content=\"summary_large_image\" \/>\n<script type=\"application\/ld+json\" class=\"yoast-schema-graph\">{\"@context\":\"https:\\\/\\\/schema.org\",\"@graph\":[{\"@type\":\"WebPage\",\"@id\":\"https:\\\/\\\/castlemain.thedev.ca\\\/fr\\\/a-propos\\\/reconciliation\\\/\",\"url\":\"https:\\\/\\\/castlemain.thedev.ca\\\/fr\\\/a-propos\\\/reconciliation\\\/\",\"name\":\"R\u00e9conciliation - castlemain.thedev.ca\",\"isPartOf\":{\"@id\":\"https:\\\/\\\/castlemain.thedev.ca\\\/#website\"},\"datePublished\":\"2025-07-16T02:07:37+00:00\",\"dateModified\":\"2025-09-26T15:40:12+00:00\",\"description\":\"Nous mettons en pratique la r\u00e9conciliation par des actions concr\u00e8tes : leadership autochtone, travail respectueux des cultures, souverainet\u00e9 des donn\u00e9es et plan d'action officiel pour la r\u00e9conciliation conforme aux appels \u00e0 l'action de la Commission de v\u00e9rit\u00e9 et r\u00e9conciliation et \u00e0 la D\u00e9claration des Nations Unies sur les droits des peuples autochtones.\",\"breadcrumb\":{\"@id\":\"https:\\\/\\\/castlemain.thedev.ca\\\/fr\\\/a-propos\\\/reconciliation\\\/#breadcrumb\"},\"inLanguage\":\"fr-FR\",\"potentialAction\":[{\"@type\":\"ReadAction\",\"target\":[\"https:\\\/\\\/castlemain.thedev.ca\\\/fr\\\/a-propos\\\/reconciliation\\\/\"]}]},{\"@type\":\"BreadcrumbList\",\"@id\":\"https:\\\/\\\/castlemain.thedev.ca\\\/fr\\\/a-propos\\\/reconciliation\\\/#breadcrumb\",\"itemListElement\":[{\"@type\":\"ListItem\",\"position\":1,\"name\":\"Home\",\"item\":\"https:\\\/\\\/castlemain.thedev.ca\\\/fr\\\/\"},{\"@type\":\"ListItem\",\"position\":2,\"name\":\"\u00c0 propos\",\"item\":\"https:\\\/\\\/castlemain.thedev.ca\\\/fr\\\/a-propos\\\/\"},{\"@type\":\"ListItem\",\"position\":3,\"name\":\"R\u00e9conciliation\"}]},{\"@type\":\"WebSite\",\"@id\":\"https:\\\/\\\/castlemain.thedev.ca\\\/#website\",\"url\":\"https:\\\/\\\/castlemain.thedev.ca\\\/\",\"name\":\"castlemain.thedev.ca\",\"description\":\"Just another WordPress site\",\"potentialAction\":[{\"@type\":\"SearchAction\",\"target\":{\"@type\":\"EntryPoint\",\"urlTemplate\":\"https:\\\/\\\/castlemain.thedev.ca\\\/?s={search_term_string}\"},\"query-input\":{\"@type\":\"PropertyValueSpecification\",\"valueRequired\":true,\"valueName\":\"search_term_string\"}}],\"inLanguage\":\"fr-FR\"}]}<\/script>\n<!-- \/ Yoast SEO plugin. -->","yoast_head_json":{"title":"R\u00e9conciliation - castlemain.thedev.ca","description":"Nous mettons en pratique la r\u00e9conciliation par des actions concr\u00e8tes : leadership autochtone, travail respectueux des cultures, souverainet\u00e9 des donn\u00e9es et plan d'action officiel pour la r\u00e9conciliation conforme aux appels \u00e0 l'action de la Commission de v\u00e9rit\u00e9 et r\u00e9conciliation et \u00e0 la D\u00e9claration des Nations Unies sur les droits des peuples autochtones.","robots":{"index":"noindex","follow":"follow","max-snippet":"max-snippet:-1","max-image-preview":"max-image-preview:large","max-video-preview":"max-video-preview:-1"},"og_locale":"fr_FR","og_type":"article","og_title":"La R\u00e9conciliation | Castlemain","og_description":"Nous mettons en pratique la r\u00e9conciliation par des actions concr\u00e8tes : leadership autochtone, travail respectueux des cultures, souverainet\u00e9 des donn\u00e9es et plan d'action officiel pour la r\u00e9conciliation conforme aux appels \u00e0 l'action de la Commission de v\u00e9rit\u00e9 et r\u00e9conciliation et \u00e0 la D\u00e9claration des Nations Unies sur les droits des peuples autochtones.","og_url":"https:\/\/castlemain.thedev.ca\/fr\/a-propos\/reconciliation\/","og_site_name":"castlemain.thedev.ca","article_modified_time":"2025-09-26T15:40:12+00:00","og_image":[{"width":786,"height":500,"url":"https:\/\/castlemain.thedev.ca\/wp-content\/uploads\/2025\/07\/reconsciliation_hero_mob.webp","type":"image\/webp"}],"twitter_card":"summary_large_image","schema":{"@context":"https:\/\/schema.org","@graph":[{"@type":"WebPage","@id":"https:\/\/castlemain.thedev.ca\/fr\/a-propos\/reconciliation\/","url":"https:\/\/castlemain.thedev.ca\/fr\/a-propos\/reconciliation\/","name":"R\u00e9conciliation - castlemain.thedev.ca","isPartOf":{"@id":"https:\/\/castlemain.thedev.ca\/#website"},"datePublished":"2025-07-16T02:07:37+00:00","dateModified":"2025-09-26T15:40:12+00:00","description":"Nous mettons en pratique la r\u00e9conciliation par des actions concr\u00e8tes : leadership autochtone, travail respectueux des cultures, souverainet\u00e9 des donn\u00e9es et plan d'action officiel pour la r\u00e9conciliation conforme aux appels \u00e0 l'action de la Commission de v\u00e9rit\u00e9 et r\u00e9conciliation et \u00e0 la D\u00e9claration des Nations Unies sur les droits des peuples autochtones.","breadcrumb":{"@id":"https:\/\/castlemain.thedev.ca\/fr\/a-propos\/reconciliation\/#breadcrumb"},"inLanguage":"fr-FR","potentialAction":[{"@type":"ReadAction","target":["https:\/\/castlemain.thedev.ca\/fr\/a-propos\/reconciliation\/"]}]},{"@type":"BreadcrumbList","@id":"https:\/\/castlemain.thedev.ca\/fr\/a-propos\/reconciliation\/#breadcrumb","itemListElement":[{"@type":"ListItem","position":1,"name":"Home","item":"https:\/\/castlemain.thedev.ca\/fr\/"},{"@type":"ListItem","position":2,"name":"\u00c0 propos","item":"https:\/\/castlemain.thedev.ca\/fr\/a-propos\/"},{"@type":"ListItem","position":3,"name":"R\u00e9conciliation"}]},{"@type":"WebSite","@id":"https:\/\/castlemain.thedev.ca\/#website","url":"https:\/\/castlemain.thedev.ca\/","name":"castlemain.thedev.ca","description":"Just another WordPress site","potentialAction":[{"@type":"SearchAction","target":{"@type":"EntryPoint","urlTemplate":"https:\/\/castlemain.thedev.ca\/?s={search_term_string}"},"query-input":{"@type":"PropertyValueSpecification","valueRequired":true,"valueName":"search_term_string"}}],"inLanguage":"fr-FR"}]}},"_links":{"self":[{"href":"https:\/\/castlemain.thedev.ca\/fr\/wp-json\/wp\/v2\/pages\/599","targetHints":{"allow":["GET"]}}],"collection":[{"href":"https:\/\/castlemain.thedev.ca\/fr\/wp-json\/wp\/v2\/pages"}],"about":[{"href":"https:\/\/castlemain.thedev.ca\/fr\/wp-json\/wp\/v2\/types\/page"}],"author":[{"embeddable":true,"href":"https:\/\/castlemain.thedev.ca\/fr\/wp-json\/wp\/v2\/users\/3"}],"replies":[{"embeddable":true,"href":"https:\/\/castlemain.thedev.ca\/fr\/wp-json\/wp\/v2\/comments?post=599"}],"version-history":[{"count":9,"href":"https:\/\/castlemain.thedev.ca\/fr\/wp-json\/wp\/v2\/pages\/599\/revisions"}],"predecessor-version":[{"id":1364,"href":"https:\/\/castlemain.thedev.ca\/fr\/wp-json\/wp\/v2\/pages\/599\/revisions\/1364"}],"up":[{"embeddable":true,"href":"https:\/\/castlemain.thedev.ca\/fr\/wp-json\/wp\/v2\/pages\/470"}],"wp:attachment":[{"href":"https:\/\/castlemain.thedev.ca\/fr\/wp-json\/wp\/v2\/media?parent=599"}],"curies":[{"name":"wp","href":"https:\/\/api.w.org\/{rel}","templated":true}]}}