{"id":592,"date":"2025-07-13T17:31:49","date_gmt":"2025-07-13T17:31:49","guid":{"rendered":"https:\/\/castlemain.thedev.ca\/?page_id=592"},"modified":"2025-10-01T16:15:19","modified_gmt":"2025-10-01T16:15:19","slug":"notre-equipe","status":"publish","type":"page","link":"https:\/\/castlemain.thedev.ca\/fr\/a-propos\/notre-equipe\/","title":{"rendered":"Notre \u00e9quipe"},"content":{"rendered":"","protected":false},"excerpt":{"rendered":"","protected":false},"author":3,"featured_media":0,"parent":470,"menu_order":3,"comment_status":"open","ping_status":"open","template":"","meta":{"_acf_changed":false,"inline_featured_image":false,"footnotes":""},"class_list":["post-592","page","type-page","status-publish","hentry"],"acf":[],"yoast_head":"<!-- This site is optimized with the Yoast SEO plugin v27.6 - https:\/\/yoast.com\/product\/yoast-seo-wordpress\/ -->\n<title>Notre \u00e9quipe - castlemain.thedev.ca<\/title>\n<meta name=\"description\" content=\"D\u00e9couvrez l&#039;\u00e9quipe d\u00e9vou\u00e9e de Castlemain : plus de 200 professionnels autochtones et alli\u00e9s \u00e0 travers le Canada, form\u00e9s aux pratiques tenant compte des traumatismes et respectueuses des cultures, afin d&#039;offrir un soutien expert et compatissant aux participants au recours collectif.\" \/>\n<meta name=\"robots\" content=\"noindex, follow, max-snippet:-1, max-image-preview:large, max-video-preview:-1\" \/>\n<meta property=\"og:locale\" content=\"fr_FR\" \/>\n<meta property=\"og:type\" content=\"article\" \/>\n<meta property=\"og:title\" content=\"Notre \u00e9quipe d\u00e9vou\u00e9e\" \/>\n<meta property=\"og:description\" content=\"D\u00e9couvrez l&#039;\u00e9quipe d\u00e9vou\u00e9e de Castlemain : plus de 200 professionnels autochtones et alli\u00e9s \u00e0 travers le Canada, form\u00e9s aux pratiques tenant compte des traumatismes et respectueuses des cultures, afin d&#039;offrir un soutien expert et compatissant aux participants au recours collectif.\" \/>\n<meta property=\"og:url\" content=\"https:\/\/castlemain.thedev.ca\/fr\/a-propos\/notre-equipe\/\" \/>\n<meta property=\"og:site_name\" content=\"castlemain.thedev.ca\" \/>\n<meta property=\"article:modified_time\" content=\"2025-10-01T16:15:19+00:00\" \/>\n<meta property=\"og:image\" content=\"https:\/\/castlemain.thedev.ca\/wp-content\/uploads\/2025\/07\/01-3.webp\" \/>\n\t<meta property=\"og:image:width\" content=\"928\" \/>\n\t<meta property=\"og:image:height\" content=\"766\" \/>\n\t<meta property=\"og:image:type\" content=\"image\/webp\" \/>\n<meta name=\"twitter:card\" content=\"summary_large_image\" \/>\n<script type=\"application\/ld+json\" class=\"yoast-schema-graph\">{\"@context\":\"https:\\\/\\\/schema.org\",\"@graph\":[{\"@type\":\"WebPage\",\"@id\":\"https:\\\/\\\/castlemain.thedev.ca\\\/fr\\\/a-propos\\\/notre-equipe\\\/\",\"url\":\"https:\\\/\\\/castlemain.thedev.ca\\\/fr\\\/a-propos\\\/notre-equipe\\\/\",\"name\":\"Notre \u00e9quipe - castlemain.thedev.ca\",\"isPartOf\":{\"@id\":\"https:\\\/\\\/castlemain.thedev.ca\\\/#website\"},\"datePublished\":\"2025-07-13T17:31:49+00:00\",\"dateModified\":\"2025-10-01T16:15:19+00:00\",\"description\":\"D\u00e9couvrez l'\u00e9quipe d\u00e9vou\u00e9e de Castlemain : plus de 200 professionnels autochtones et alli\u00e9s \u00e0 travers le Canada, form\u00e9s aux pratiques tenant compte des traumatismes et respectueuses des cultures, afin d'offrir un soutien expert et compatissant aux participants au recours collectif.\",\"breadcrumb\":{\"@id\":\"https:\\\/\\\/castlemain.thedev.ca\\\/fr\\\/a-propos\\\/notre-equipe\\\/#breadcrumb\"},\"inLanguage\":\"fr-FR\",\"potentialAction\":[{\"@type\":\"ReadAction\",\"target\":[\"https:\\\/\\\/castlemain.thedev.ca\\\/fr\\\/a-propos\\\/notre-equipe\\\/\"]}]},{\"@type\":\"BreadcrumbList\",\"@id\":\"https:\\\/\\\/castlemain.thedev.ca\\\/fr\\\/a-propos\\\/notre-equipe\\\/#breadcrumb\",\"itemListElement\":[{\"@type\":\"ListItem\",\"position\":1,\"name\":\"Home\",\"item\":\"https:\\\/\\\/castlemain.thedev.ca\\\/fr\\\/\"},{\"@type\":\"ListItem\",\"position\":2,\"name\":\"\u00c0 propos\",\"item\":\"https:\\\/\\\/castlemain.thedev.ca\\\/fr\\\/a-propos\\\/\"},{\"@type\":\"ListItem\",\"position\":3,\"name\":\"Notre \u00e9quipe\"}]},{\"@type\":\"WebSite\",\"@id\":\"https:\\\/\\\/castlemain.thedev.ca\\\/#website\",\"url\":\"https:\\\/\\\/castlemain.thedev.ca\\\/\",\"name\":\"castlemain.thedev.ca\",\"description\":\"Just another WordPress site\",\"potentialAction\":[{\"@type\":\"SearchAction\",\"target\":{\"@type\":\"EntryPoint\",\"urlTemplate\":\"https:\\\/\\\/castlemain.thedev.ca\\\/?s={search_term_string}\"},\"query-input\":{\"@type\":\"PropertyValueSpecification\",\"valueRequired\":true,\"valueName\":\"search_term_string\"}}],\"inLanguage\":\"fr-FR\"}]}<\/script>\n<!-- \/ Yoast SEO plugin. -->","yoast_head_json":{"title":"Notre \u00e9quipe - castlemain.thedev.ca","description":"D\u00e9couvrez l'\u00e9quipe d\u00e9vou\u00e9e de Castlemain : plus de 200 professionnels autochtones et alli\u00e9s \u00e0 travers le Canada, form\u00e9s aux pratiques tenant compte des traumatismes et respectueuses des cultures, afin d'offrir un soutien expert et compatissant aux participants au recours collectif.","robots":{"index":"noindex","follow":"follow","max-snippet":"max-snippet:-1","max-image-preview":"max-image-preview:large","max-video-preview":"max-video-preview:-1"},"og_locale":"fr_FR","og_type":"article","og_title":"Notre \u00e9quipe d\u00e9vou\u00e9e","og_description":"D\u00e9couvrez l'\u00e9quipe d\u00e9vou\u00e9e de Castlemain : plus de 200 professionnels autochtones et alli\u00e9s \u00e0 travers le Canada, form\u00e9s aux pratiques tenant compte des traumatismes et respectueuses des cultures, afin d'offrir un soutien expert et compatissant aux participants au recours collectif.","og_url":"https:\/\/castlemain.thedev.ca\/fr\/a-propos\/notre-equipe\/","og_site_name":"castlemain.thedev.ca","article_modified_time":"2025-10-01T16:15:19+00:00","og_image":[{"width":928,"height":766,"url":"https:\/\/castlemain.thedev.ca\/wp-content\/uploads\/2025\/07\/01-3.webp","type":"image\/webp"}],"twitter_card":"summary_large_image","schema":{"@context":"https:\/\/schema.org","@graph":[{"@type":"WebPage","@id":"https:\/\/castlemain.thedev.ca\/fr\/a-propos\/notre-equipe\/","url":"https:\/\/castlemain.thedev.ca\/fr\/a-propos\/notre-equipe\/","name":"Notre \u00e9quipe - castlemain.thedev.ca","isPartOf":{"@id":"https:\/\/castlemain.thedev.ca\/#website"},"datePublished":"2025-07-13T17:31:49+00:00","dateModified":"2025-10-01T16:15:19+00:00","description":"D\u00e9couvrez l'\u00e9quipe d\u00e9vou\u00e9e de Castlemain : plus de 200 professionnels autochtones et alli\u00e9s \u00e0 travers le Canada, form\u00e9s aux pratiques tenant compte des traumatismes et respectueuses des cultures, afin d'offrir un soutien expert et compatissant aux participants au recours collectif.","breadcrumb":{"@id":"https:\/\/castlemain.thedev.ca\/fr\/a-propos\/notre-equipe\/#breadcrumb"},"inLanguage":"fr-FR","potentialAction":[{"@type":"ReadAction","target":["https:\/\/castlemain.thedev.ca\/fr\/a-propos\/notre-equipe\/"]}]},{"@type":"BreadcrumbList","@id":"https:\/\/castlemain.thedev.ca\/fr\/a-propos\/notre-equipe\/#breadcrumb","itemListElement":[{"@type":"ListItem","position":1,"name":"Home","item":"https:\/\/castlemain.thedev.ca\/fr\/"},{"@type":"ListItem","position":2,"name":"\u00c0 propos","item":"https:\/\/castlemain.thedev.ca\/fr\/a-propos\/"},{"@type":"ListItem","position":3,"name":"Notre \u00e9quipe"}]},{"@type":"WebSite","@id":"https:\/\/castlemain.thedev.ca\/#website","url":"https:\/\/castlemain.thedev.ca\/","name":"castlemain.thedev.ca","description":"Just another WordPress site","potentialAction":[{"@type":"SearchAction","target":{"@type":"EntryPoint","urlTemplate":"https:\/\/castlemain.thedev.ca\/?s={search_term_string}"},"query-input":{"@type":"PropertyValueSpecification","valueRequired":true,"valueName":"search_term_string"}}],"inLanguage":"fr-FR"}]}},"_links":{"self":[{"href":"https:\/\/castlemain.thedev.ca\/fr\/wp-json\/wp\/v2\/pages\/592","targetHints":{"allow":["GET"]}}],"collection":[{"href":"https:\/\/castlemain.thedev.ca\/fr\/wp-json\/wp\/v2\/pages"}],"about":[{"href":"https:\/\/castlemain.thedev.ca\/fr\/wp-json\/wp\/v2\/types\/page"}],"author":[{"embeddable":true,"href":"https:\/\/castlemain.thedev.ca\/fr\/wp-json\/wp\/v2\/users\/3"}],"replies":[{"embeddable":true,"href":"https:\/\/castlemain.thedev.ca\/fr\/wp-json\/wp\/v2\/comments?post=592"}],"version-history":[{"count":8,"href":"https:\/\/castlemain.thedev.ca\/fr\/wp-json\/wp\/v2\/pages\/592\/revisions"}],"predecessor-version":[{"id":1379,"href":"https:\/\/castlemain.thedev.ca\/fr\/wp-json\/wp\/v2\/pages\/592\/revisions\/1379"}],"up":[{"embeddable":true,"href":"https:\/\/castlemain.thedev.ca\/fr\/wp-json\/wp\/v2\/pages\/470"}],"wp:attachment":[{"href":"https:\/\/castlemain.thedev.ca\/fr\/wp-json\/wp\/v2\/media?parent=592"}],"curies":[{"name":"wp","href":"https:\/\/api.w.org\/{rel}","templated":true}]}}