{"id":589,"date":"2025-07-16T02:49:41","date_gmt":"2025-07-16T02:49:41","guid":{"rendered":"https:\/\/castlemain.thedev.ca\/?page_id=589"},"modified":"2025-09-18T23:39:17","modified_gmt":"2025-09-18T23:39:17","slug":"ethique-conformite-et-transparence","status":"publish","type":"page","link":"https:\/\/castlemain.thedev.ca\/fr\/a-propos\/ethique-conformite-et-transparence\/","title":{"rendered":"\u00c9thique, conformit\u00e9 et transparence"},"content":{"rendered":"","protected":false},"excerpt":{"rendered":"","protected":false},"author":3,"featured_media":0,"parent":470,"menu_order":2,"comment_status":"open","ping_status":"open","template":"","meta":{"_acf_changed":false,"inline_featured_image":false,"footnotes":""},"class_list":["post-589","page","type-page","status-publish","hentry"],"acf":[],"yoast_head":"<!-- This site is optimized with the Yoast SEO plugin v27.6 - https:\/\/yoast.com\/product\/yoast-seo-wordpress\/ -->\n<title>\u00c9thique, conformit\u00e9 et transparence - castlemain.thedev.ca<\/title>\n<meta name=\"description\" content=\"D\u00e9couvrez l&#039;engagement de Castlemain en mati\u00e8re d&#039;\u00e9thique, de conformit\u00e9 et de transparence. Nous suivons des codes de conduite stricts, garantissons la responsabilit\u00e9 et d\u00e9fendons l&#039;int\u00e9grit\u00e9 dans tous les recours collectifs et services d&#039;aide \u00e0 la communaut\u00e9.\" \/>\n<meta name=\"robots\" content=\"noindex, follow, max-snippet:-1, max-image-preview:large, max-video-preview:-1\" \/>\n<meta property=\"og:locale\" content=\"fr_FR\" \/>\n<meta property=\"og:type\" content=\"article\" \/>\n<meta property=\"og:title\" content=\"\u00c9thique, conformit\u00e9 et transparence | Castlemain\" \/>\n<meta property=\"og:description\" content=\"D\u00e9couvrez l&#039;engagement de Castlemain en mati\u00e8re d&#039;\u00e9thique, de conformit\u00e9 et de transparence. Nous suivons des codes de conduite stricts, garantissons la responsabilit\u00e9 et d\u00e9fendons l&#039;int\u00e9grit\u00e9 dans tous les recours collectifs et services d&#039;aide \u00e0 la communaut\u00e9.\" \/>\n<meta property=\"og:url\" content=\"https:\/\/castlemain.thedev.ca\/fr\/a-propos\/ethique-conformite-et-transparence\/\" \/>\n<meta property=\"og:site_name\" content=\"castlemain.thedev.ca\" \/>\n<meta property=\"article:modified_time\" content=\"2025-09-18T23:39:17+00:00\" \/>\n<meta property=\"og:image\" content=\"https:\/\/castlemain.thedev.ca\/wp-content\/uploads\/2025\/07\/ethics_hero_mob.webp\" \/>\n\t<meta property=\"og:image:width\" content=\"786\" \/>\n\t<meta property=\"og:image:height\" content=\"348\" \/>\n\t<meta property=\"og:image:type\" content=\"image\/webp\" \/>\n<meta name=\"twitter:card\" content=\"summary_large_image\" \/>\n<script type=\"application\/ld+json\" class=\"yoast-schema-graph\">{\"@context\":\"https:\\\/\\\/schema.org\",\"@graph\":[{\"@type\":\"WebPage\",\"@id\":\"https:\\\/\\\/castlemain.thedev.ca\\\/fr\\\/a-propos\\\/ethique-conformite-et-transparence\\\/\",\"url\":\"https:\\\/\\\/castlemain.thedev.ca\\\/fr\\\/a-propos\\\/ethique-conformite-et-transparence\\\/\",\"name\":\"\u00c9thique, conformit\u00e9 et transparence - castlemain.thedev.ca\",\"isPartOf\":{\"@id\":\"https:\\\/\\\/castlemain.thedev.ca\\\/#website\"},\"datePublished\":\"2025-07-16T02:49:41+00:00\",\"dateModified\":\"2025-09-18T23:39:17+00:00\",\"description\":\"D\u00e9couvrez l'engagement de Castlemain en mati\u00e8re d'\u00e9thique, de conformit\u00e9 et de transparence. Nous suivons des codes de conduite stricts, garantissons la responsabilit\u00e9 et d\u00e9fendons l'int\u00e9grit\u00e9 dans tous les recours collectifs et services d'aide \u00e0 la communaut\u00e9.\",\"breadcrumb\":{\"@id\":\"https:\\\/\\\/castlemain.thedev.ca\\\/fr\\\/a-propos\\\/ethique-conformite-et-transparence\\\/#breadcrumb\"},\"inLanguage\":\"fr-FR\",\"potentialAction\":[{\"@type\":\"ReadAction\",\"target\":[\"https:\\\/\\\/castlemain.thedev.ca\\\/fr\\\/a-propos\\\/ethique-conformite-et-transparence\\\/\"]}]},{\"@type\":\"BreadcrumbList\",\"@id\":\"https:\\\/\\\/castlemain.thedev.ca\\\/fr\\\/a-propos\\\/ethique-conformite-et-transparence\\\/#breadcrumb\",\"itemListElement\":[{\"@type\":\"ListItem\",\"position\":1,\"name\":\"Home\",\"item\":\"https:\\\/\\\/castlemain.thedev.ca\\\/fr\\\/\"},{\"@type\":\"ListItem\",\"position\":2,\"name\":\"\u00c0 propos\",\"item\":\"https:\\\/\\\/castlemain.thedev.ca\\\/fr\\\/a-propos\\\/\"},{\"@type\":\"ListItem\",\"position\":3,\"name\":\"\u00c9thique, conformit\u00e9 et transparence\"}]},{\"@type\":\"WebSite\",\"@id\":\"https:\\\/\\\/castlemain.thedev.ca\\\/#website\",\"url\":\"https:\\\/\\\/castlemain.thedev.ca\\\/\",\"name\":\"castlemain.thedev.ca\",\"description\":\"Just another WordPress site\",\"potentialAction\":[{\"@type\":\"SearchAction\",\"target\":{\"@type\":\"EntryPoint\",\"urlTemplate\":\"https:\\\/\\\/castlemain.thedev.ca\\\/?s={search_term_string}\"},\"query-input\":{\"@type\":\"PropertyValueSpecification\",\"valueRequired\":true,\"valueName\":\"search_term_string\"}}],\"inLanguage\":\"fr-FR\"}]}<\/script>\n<!-- \/ Yoast SEO plugin. -->","yoast_head_json":{"title":"\u00c9thique, conformit\u00e9 et transparence - castlemain.thedev.ca","description":"D\u00e9couvrez l'engagement de Castlemain en mati\u00e8re d'\u00e9thique, de conformit\u00e9 et de transparence. Nous suivons des codes de conduite stricts, garantissons la responsabilit\u00e9 et d\u00e9fendons l'int\u00e9grit\u00e9 dans tous les recours collectifs et services d'aide \u00e0 la communaut\u00e9.","robots":{"index":"noindex","follow":"follow","max-snippet":"max-snippet:-1","max-image-preview":"max-image-preview:large","max-video-preview":"max-video-preview:-1"},"og_locale":"fr_FR","og_type":"article","og_title":"\u00c9thique, conformit\u00e9 et transparence | Castlemain","og_description":"D\u00e9couvrez l'engagement de Castlemain en mati\u00e8re d'\u00e9thique, de conformit\u00e9 et de transparence. Nous suivons des codes de conduite stricts, garantissons la responsabilit\u00e9 et d\u00e9fendons l'int\u00e9grit\u00e9 dans tous les recours collectifs et services d'aide \u00e0 la communaut\u00e9.","og_url":"https:\/\/castlemain.thedev.ca\/fr\/a-propos\/ethique-conformite-et-transparence\/","og_site_name":"castlemain.thedev.ca","article_modified_time":"2025-09-18T23:39:17+00:00","og_image":[{"width":786,"height":348,"url":"https:\/\/castlemain.thedev.ca\/wp-content\/uploads\/2025\/07\/ethics_hero_mob.webp","type":"image\/webp"}],"twitter_card":"summary_large_image","schema":{"@context":"https:\/\/schema.org","@graph":[{"@type":"WebPage","@id":"https:\/\/castlemain.thedev.ca\/fr\/a-propos\/ethique-conformite-et-transparence\/","url":"https:\/\/castlemain.thedev.ca\/fr\/a-propos\/ethique-conformite-et-transparence\/","name":"\u00c9thique, conformit\u00e9 et transparence - castlemain.thedev.ca","isPartOf":{"@id":"https:\/\/castlemain.thedev.ca\/#website"},"datePublished":"2025-07-16T02:49:41+00:00","dateModified":"2025-09-18T23:39:17+00:00","description":"D\u00e9couvrez l'engagement de Castlemain en mati\u00e8re d'\u00e9thique, de conformit\u00e9 et de transparence. Nous suivons des codes de conduite stricts, garantissons la responsabilit\u00e9 et d\u00e9fendons l'int\u00e9grit\u00e9 dans tous les recours collectifs et services d'aide \u00e0 la communaut\u00e9.","breadcrumb":{"@id":"https:\/\/castlemain.thedev.ca\/fr\/a-propos\/ethique-conformite-et-transparence\/#breadcrumb"},"inLanguage":"fr-FR","potentialAction":[{"@type":"ReadAction","target":["https:\/\/castlemain.thedev.ca\/fr\/a-propos\/ethique-conformite-et-transparence\/"]}]},{"@type":"BreadcrumbList","@id":"https:\/\/castlemain.thedev.ca\/fr\/a-propos\/ethique-conformite-et-transparence\/#breadcrumb","itemListElement":[{"@type":"ListItem","position":1,"name":"Home","item":"https:\/\/castlemain.thedev.ca\/fr\/"},{"@type":"ListItem","position":2,"name":"\u00c0 propos","item":"https:\/\/castlemain.thedev.ca\/fr\/a-propos\/"},{"@type":"ListItem","position":3,"name":"\u00c9thique, conformit\u00e9 et transparence"}]},{"@type":"WebSite","@id":"https:\/\/castlemain.thedev.ca\/#website","url":"https:\/\/castlemain.thedev.ca\/","name":"castlemain.thedev.ca","description":"Just another WordPress site","potentialAction":[{"@type":"SearchAction","target":{"@type":"EntryPoint","urlTemplate":"https:\/\/castlemain.thedev.ca\/?s={search_term_string}"},"query-input":{"@type":"PropertyValueSpecification","valueRequired":true,"valueName":"search_term_string"}}],"inLanguage":"fr-FR"}]}},"_links":{"self":[{"href":"https:\/\/castlemain.thedev.ca\/fr\/wp-json\/wp\/v2\/pages\/589","targetHints":{"allow":["GET"]}}],"collection":[{"href":"https:\/\/castlemain.thedev.ca\/fr\/wp-json\/wp\/v2\/pages"}],"about":[{"href":"https:\/\/castlemain.thedev.ca\/fr\/wp-json\/wp\/v2\/types\/page"}],"author":[{"embeddable":true,"href":"https:\/\/castlemain.thedev.ca\/fr\/wp-json\/wp\/v2\/users\/3"}],"replies":[{"embeddable":true,"href":"https:\/\/castlemain.thedev.ca\/fr\/wp-json\/wp\/v2\/comments?post=589"}],"version-history":[{"count":7,"href":"https:\/\/castlemain.thedev.ca\/fr\/wp-json\/wp\/v2\/pages\/589\/revisions"}],"predecessor-version":[{"id":1253,"href":"https:\/\/castlemain.thedev.ca\/fr\/wp-json\/wp\/v2\/pages\/589\/revisions\/1253"}],"up":[{"embeddable":true,"href":"https:\/\/castlemain.thedev.ca\/fr\/wp-json\/wp\/v2\/pages\/470"}],"wp:attachment":[{"href":"https:\/\/castlemain.thedev.ca\/fr\/wp-json\/wp\/v2\/media?parent=589"}],"curies":[{"name":"wp","href":"https:\/\/api.w.org\/{rel}","templated":true}]}}