{"id":1159,"date":"2025-09-17T14:16:17","date_gmt":"2025-09-17T14:16:17","guid":{"rendered":"https:\/\/castlemain.thedev.ca\/?page_id=1159"},"modified":"2025-09-18T23:48:31","modified_gmt":"2025-09-18T23:48:31","slug":"approche","status":"publish","type":"page","link":"https:\/\/castlemain.thedev.ca\/fr\/approche\/","title":{"rendered":"Approche"},"content":{"rendered":"","protected":false},"excerpt":{"rendered":"","protected":false},"author":5,"featured_media":0,"parent":0,"menu_order":0,"comment_status":"closed","ping_status":"closed","template":"","meta":{"_acf_changed":false,"inline_featured_image":false,"footnotes":""},"class_list":["post-1159","page","type-page","status-publish","hentry"],"acf":[],"yoast_head":"<!-- This site is optimized with the Yoast SEO plugin v27.6 - https:\/\/yoast.com\/product\/yoast-seo-wordpress\/ -->\n<title>Approche - castlemain.thedev.ca<\/title>\n<meta name=\"description\" content=\"Notre travail est ancr\u00e9 dans la compr\u00e9hension culturelle et int\u00e9gr\u00e9 \u00e0 la recherche et \u00e0 l&#039;engagement, \u00e0 la rigueur juridique et \u00e0 une gouvernance saine.\" \/>\n<meta name=\"robots\" content=\"noindex, follow, max-snippet:-1, max-image-preview:large, max-video-preview:-1\" \/>\n<meta property=\"og:locale\" content=\"fr_FR\" \/>\n<meta property=\"og:type\" content=\"article\" \/>\n<meta property=\"og:title\" content=\"Notre approche | Castlemain\" \/>\n<meta property=\"og:description\" content=\"Notre travail est ancr\u00e9 dans la compr\u00e9hension culturelle et int\u00e9gr\u00e9 \u00e0 la recherche et \u00e0 l&#039;engagement, \u00e0 la rigueur juridique et \u00e0 une gouvernance saine.\" \/>\n<meta property=\"og:url\" content=\"https:\/\/castlemain.thedev.ca\/fr\/approche\/\" \/>\n<meta property=\"og:site_name\" content=\"castlemain.thedev.ca\" \/>\n<meta property=\"article:modified_time\" content=\"2025-09-18T23:48:31+00:00\" \/>\n<meta property=\"og:image\" content=\"https:\/\/castlemain.thedev.ca\/wp-content\/uploads\/2025\/09\/GettyImages-168881706-PROJECT-MANAGEMENT-1.webp\" \/>\n\t<meta property=\"og:image:width\" content=\"1000\" \/>\n\t<meta property=\"og:image:height\" content=\"664\" \/>\n\t<meta property=\"og:image:type\" content=\"image\/webp\" \/>\n<meta name=\"twitter:card\" content=\"summary_large_image\" \/>\n<script type=\"application\/ld+json\" class=\"yoast-schema-graph\">{\"@context\":\"https:\\\/\\\/schema.org\",\"@graph\":[{\"@type\":\"WebPage\",\"@id\":\"https:\\\/\\\/castlemain.thedev.ca\\\/fr\\\/approche\\\/\",\"url\":\"https:\\\/\\\/castlemain.thedev.ca\\\/fr\\\/approche\\\/\",\"name\":\"Approche - castlemain.thedev.ca\",\"isPartOf\":{\"@id\":\"https:\\\/\\\/castlemain.thedev.ca\\\/#website\"},\"datePublished\":\"2025-09-17T14:16:17+00:00\",\"dateModified\":\"2025-09-18T23:48:31+00:00\",\"description\":\"Notre travail est ancr\u00e9 dans la compr\u00e9hension culturelle et int\u00e9gr\u00e9 \u00e0 la recherche et \u00e0 l'engagement, \u00e0 la rigueur juridique et \u00e0 une gouvernance saine.\",\"breadcrumb\":{\"@id\":\"https:\\\/\\\/castlemain.thedev.ca\\\/fr\\\/approche\\\/#breadcrumb\"},\"inLanguage\":\"fr-FR\",\"potentialAction\":[{\"@type\":\"ReadAction\",\"target\":[\"https:\\\/\\\/castlemain.thedev.ca\\\/fr\\\/approche\\\/\"]}]},{\"@type\":\"BreadcrumbList\",\"@id\":\"https:\\\/\\\/castlemain.thedev.ca\\\/fr\\\/approche\\\/#breadcrumb\",\"itemListElement\":[{\"@type\":\"ListItem\",\"position\":1,\"name\":\"Home\",\"item\":\"https:\\\/\\\/castlemain.thedev.ca\\\/fr\\\/\"},{\"@type\":\"ListItem\",\"position\":2,\"name\":\"Approche\"}]},{\"@type\":\"WebSite\",\"@id\":\"https:\\\/\\\/castlemain.thedev.ca\\\/#website\",\"url\":\"https:\\\/\\\/castlemain.thedev.ca\\\/\",\"name\":\"castlemain.thedev.ca\",\"description\":\"Just another WordPress site\",\"potentialAction\":[{\"@type\":\"SearchAction\",\"target\":{\"@type\":\"EntryPoint\",\"urlTemplate\":\"https:\\\/\\\/castlemain.thedev.ca\\\/?s={search_term_string}\"},\"query-input\":{\"@type\":\"PropertyValueSpecification\",\"valueRequired\":true,\"valueName\":\"search_term_string\"}}],\"inLanguage\":\"fr-FR\"}]}<\/script>\n<!-- \/ Yoast SEO plugin. -->","yoast_head_json":{"title":"Approche - castlemain.thedev.ca","description":"Notre travail est ancr\u00e9 dans la compr\u00e9hension culturelle et int\u00e9gr\u00e9 \u00e0 la recherche et \u00e0 l'engagement, \u00e0 la rigueur juridique et \u00e0 une gouvernance saine.","robots":{"index":"noindex","follow":"follow","max-snippet":"max-snippet:-1","max-image-preview":"max-image-preview:large","max-video-preview":"max-video-preview:-1"},"og_locale":"fr_FR","og_type":"article","og_title":"Notre approche | Castlemain","og_description":"Notre travail est ancr\u00e9 dans la compr\u00e9hension culturelle et int\u00e9gr\u00e9 \u00e0 la recherche et \u00e0 l'engagement, \u00e0 la rigueur juridique et \u00e0 une gouvernance saine.","og_url":"https:\/\/castlemain.thedev.ca\/fr\/approche\/","og_site_name":"castlemain.thedev.ca","article_modified_time":"2025-09-18T23:48:31+00:00","og_image":[{"width":1000,"height":664,"url":"https:\/\/castlemain.thedev.ca\/wp-content\/uploads\/2025\/09\/GettyImages-168881706-PROJECT-MANAGEMENT-1.webp","type":"image\/webp"}],"twitter_card":"summary_large_image","schema":{"@context":"https:\/\/schema.org","@graph":[{"@type":"WebPage","@id":"https:\/\/castlemain.thedev.ca\/fr\/approche\/","url":"https:\/\/castlemain.thedev.ca\/fr\/approche\/","name":"Approche - castlemain.thedev.ca","isPartOf":{"@id":"https:\/\/castlemain.thedev.ca\/#website"},"datePublished":"2025-09-17T14:16:17+00:00","dateModified":"2025-09-18T23:48:31+00:00","description":"Notre travail est ancr\u00e9 dans la compr\u00e9hension culturelle et int\u00e9gr\u00e9 \u00e0 la recherche et \u00e0 l'engagement, \u00e0 la rigueur juridique et \u00e0 une gouvernance saine.","breadcrumb":{"@id":"https:\/\/castlemain.thedev.ca\/fr\/approche\/#breadcrumb"},"inLanguage":"fr-FR","potentialAction":[{"@type":"ReadAction","target":["https:\/\/castlemain.thedev.ca\/fr\/approche\/"]}]},{"@type":"BreadcrumbList","@id":"https:\/\/castlemain.thedev.ca\/fr\/approche\/#breadcrumb","itemListElement":[{"@type":"ListItem","position":1,"name":"Home","item":"https:\/\/castlemain.thedev.ca\/fr\/"},{"@type":"ListItem","position":2,"name":"Approche"}]},{"@type":"WebSite","@id":"https:\/\/castlemain.thedev.ca\/#website","url":"https:\/\/castlemain.thedev.ca\/","name":"castlemain.thedev.ca","description":"Just another WordPress site","potentialAction":[{"@type":"SearchAction","target":{"@type":"EntryPoint","urlTemplate":"https:\/\/castlemain.thedev.ca\/?s={search_term_string}"},"query-input":{"@type":"PropertyValueSpecification","valueRequired":true,"valueName":"search_term_string"}}],"inLanguage":"fr-FR"}]}},"_links":{"self":[{"href":"https:\/\/castlemain.thedev.ca\/fr\/wp-json\/wp\/v2\/pages\/1159","targetHints":{"allow":["GET"]}}],"collection":[{"href":"https:\/\/castlemain.thedev.ca\/fr\/wp-json\/wp\/v2\/pages"}],"about":[{"href":"https:\/\/castlemain.thedev.ca\/fr\/wp-json\/wp\/v2\/types\/page"}],"author":[{"embeddable":true,"href":"https:\/\/castlemain.thedev.ca\/fr\/wp-json\/wp\/v2\/users\/5"}],"replies":[{"embeddable":true,"href":"https:\/\/castlemain.thedev.ca\/fr\/wp-json\/wp\/v2\/comments?post=1159"}],"version-history":[{"count":4,"href":"https:\/\/castlemain.thedev.ca\/fr\/wp-json\/wp\/v2\/pages\/1159\/revisions"}],"predecessor-version":[{"id":1266,"href":"https:\/\/castlemain.thedev.ca\/fr\/wp-json\/wp\/v2\/pages\/1159\/revisions\/1266"}],"wp:attachment":[{"href":"https:\/\/castlemain.thedev.ca\/fr\/wp-json\/wp\/v2\/media?parent=1159"}],"curies":[{"name":"wp","href":"https:\/\/api.w.org\/{rel}","templated":true}]}}